{"id":20833,"date":"2023-10-03T22:29:52","date_gmt":"2023-10-04T02:29:52","guid":{"rendered":"https:\/\/www.huoouh.com\/product\/925-sterling-silver-with-zirconia-heart-of-roses-finger-rings\/"},"modified":"2026-03-13T04:22:39","modified_gmt":"2026-03-13T09:22:39","slug":"925-sterling-silver-with-zirconia-heart-of-roses-finger-rings","status":"publish","type":"product","link":"https:\/\/www.huoouh.com\/br\/produto\/925-sterling-silver-with-zirconia-heart-of-roses-finger-rings\/","title":{"rendered":"An\u00e9is de dedo em prata esterlina 925 com zirc\u00f4nia cora\u00e7\u00e3o de rosas"},"content":{"rendered":"<div id=\"detail_decorate_root\" data-host=\"336112211\" data-magic-global=\"%7B%22bizId%22%3A2206558617288%2C%22pageId%22%3A21300090957%2C%22siteId%22%3A5005635187%7D\" data-id=\"detail_decorate_root\">\n<div class=\"J_module\"><img decoding=\"async\" class=\"magic-25\" src=\"\/\/sc04.alicdn.com\/kf\/H8908d0f75f59454a996d36633bb8cad0R\/239327166\/H8908d0f75f59454a996d36633bb8cad0R.jpg\" \/><\/div>\n<div class=\"J_module\">\n<div class=\"icbu-pc-detailManyImage magic-23\" data-module-name=\"icbu-pc-detailManyImage\">\n<div class=\"magic-24\"><img decoding=\"async\" class=\"magic-25\" src=\"\/\/sc04.alicdn.com\/kf\/H90e12ec05abb4134b54cbb6f834c46e5t\/239327166\/H90e12ec05abb4134b54cbb6f834c46e5t.jpg\" \/><\/div>\n<div class=\"magic-24\"><img decoding=\"async\" class=\"magic-25\" src=\"\/\/sc04.alicdn.com\/kf\/Hbf92df3385594e188cb568e932c0f172R\/239327166\/Hbf92df3385594e188cb568e932c0f172R.jpg\" \/><\/div>\n<div class=\"magic-24\"><img decoding=\"async\" class=\"magic-25\" src=\"\/\/sc04.alicdn.com\/kf\/H0848938de43d4b5f9a391500d6ef9910F\/239327166\/H0848938de43d4b5f9a391500d6ef9910F.jpg\" \/><\/div>\n<div class=\"magic-24\"><\/div>\n<\/div>\n<\/div>\n<div class=\"J_module\">\n<div class=\"icbu-pc-images magic-1\">\n<div>\n<div class=\"flex-layout-v\">\n<div class=\"flex-layout-h magic-1\">\n<div class=\"magic-26\"><img decoding=\"async\" class=\"magic-27\" src=\"\/\/sc04.alicdn.com\/kf\/H81fb61e69e2f44e5bdce01497220c0f2F\/239327166\/H81fb61e69e2f44e5bdce01497220c0f2F.jpg\" data-id=\"child-image-0\" \/><\/div>\n<\/div>\n<\/div>\n<\/div>\n<\/div>\n<\/div>\n<div class=\"J_module\"><\/div>\n<\/div>","protected":false},"excerpt":{"rendered":"","protected":false},"featured_media":20832,"comment_status":"open","ping_status":"closed","template":"","meta":[],"product_brand":[],"product_cat":[56],"product_tag":[113],"giftcard-category":[],"class_list":{"0":"post-20833","1":"product","2":"type-product","3":"status-publish","4":"has-post-thumbnail","6":"product_cat-rings","7":"product_tag-rings","9":"first","10":"instock","11":"taxable","12":"shipping-taxable","13":"purchasable","14":"product-type-variable"},"_links":{"self":[{"href":"https:\/\/www.huoouh.com\/br\/wp-json\/wp\/v2\/product\/20833","targetHints":{"allow":["GET"]}}],"collection":[{"href":"https:\/\/www.huoouh.com\/br\/wp-json\/wp\/v2\/product"}],"about":[{"href":"https:\/\/www.huoouh.com\/br\/wp-json\/wp\/v2\/types\/product"}],"replies":[{"embeddable":true,"href":"https:\/\/www.huoouh.com\/br\/wp-json\/wp\/v2\/comments?post=20833"}],"version-history":[{"count":1,"href":"https:\/\/www.huoouh.com\/br\/wp-json\/wp\/v2\/product\/20833\/revisions"}],"predecessor-version":[{"id":20841,"href":"https:\/\/www.huoouh.com\/br\/wp-json\/wp\/v2\/product\/20833\/revisions\/20841"}],"wp:featuredmedia":[{"embeddable":true,"href":"https:\/\/www.huoouh.com\/br\/wp-json\/wp\/v2\/media\/20832"}],"wp:attachment":[{"href":"https:\/\/www.huoouh.com\/br\/wp-json\/wp\/v2\/media?parent=20833"}],"wp:term":[{"taxonomy":"product_brand","embeddable":true,"href":"https:\/\/www.huoouh.com\/br\/wp-json\/wp\/v2\/product_brand?post=20833"},{"taxonomy":"product_cat","embeddable":true,"href":"https:\/\/www.huoouh.com\/br\/wp-json\/wp\/v2\/product_cat?post=20833"},{"taxonomy":"product_tag","embeddable":true,"href":"https:\/\/www.huoouh.com\/br\/wp-json\/wp\/v2\/product_tag?post=20833"},{"taxonomy":"giftcard-category","embeddable":true,"href":"https:\/\/www.huoouh.com\/br\/wp-json\/wp\/v2\/giftcard-category?post=20833"}],"curies":[{"name":"wp","href":"https:\/\/api.w.org\/{rel}","templated":true}]}}