{"id":20825,"date":"2023-10-03T22:28:30","date_gmt":"2023-10-04T02:28:30","guid":{"rendered":"https:\/\/www.huoouh.com\/product\/925-sterling-silver-zircon-infinite-love-heart-rings\/"},"modified":"2026-03-13T04:33:57","modified_gmt":"2026-03-13T09:33:57","slug":"925-sterling-silver-zircon-infinite-love-heart-rings","status":"publish","type":"product","link":"https:\/\/www.huoouh.com\/br\/produto\/925-sterling-silver-zircon-infinite-love-heart-rings\/","title":{"rendered":"An\u00e9is de cora\u00e7\u00e3o de amor infinito com zirc\u00e3o de prata esterlina 925"},"content":{"rendered":"<div id=\"detail_decorate_root\" data-host=\"337221161\" data-magic-global=\"%7B%22bizId%22%3A2206558617288%2C%22pageId%22%3A21307714011%2C%22siteId%22%3A5005635187%7D\" data-id=\"detail_decorate_root\">\n<div class=\"J_module\"><img decoding=\"async\" class=\"magic-25\" src=\"\/\/sc04.alicdn.com\/kf\/H61df4ecd41344555811af53fdd41de27G\/239327166\/H61df4ecd41344555811af53fdd41de27G.jpg\" \/><\/div>\n<div class=\"J_module\">\n<div class=\"icbu-pc-detailManyImage magic-23\" data-module-name=\"icbu-pc-detailManyImage\">\n<div class=\"magic-24\"><img decoding=\"async\" class=\"magic-25\" src=\"\/\/sc04.alicdn.com\/kf\/H3cbb1eacf39345dd8f45e9dc772c39207\/239327166\/H3cbb1eacf39345dd8f45e9dc772c39207.jpg\" \/><\/div>\n<div class=\"magic-24\"><img decoding=\"async\" class=\"magic-25\" src=\"\/\/sc04.alicdn.com\/kf\/H39383d9b4e0b467ba759764bba0240461\/239327166\/H39383d9b4e0b467ba759764bba0240461.jpg\" \/><\/div>\n<div class=\"magic-24\"><img decoding=\"async\" class=\"magic-25\" src=\"\/\/sc04.alicdn.com\/kf\/Ha1de86374bc14819bb529d7689f53c1bp\/239327166\/Ha1de86374bc14819bb529d7689f53c1bp.jpg\" \/><\/div>\n<div class=\"magic-24\"><\/div>\n<\/div>\n<\/div>\n<div class=\"J_module\">\n<div class=\"icbu-pc-images magic-1\">\n<div>\n<div class=\"flex-layout-v\">\n<div class=\"flex-layout-h magic-1\">\n<div class=\"magic-26\"><img decoding=\"async\" class=\"magic-27\" src=\"\/\/sc04.alicdn.com\/kf\/H81fb61e69e2f44e5bdce01497220c0f2F\/239327166\/H81fb61e69e2f44e5bdce01497220c0f2F.jpg\" data-id=\"child-image-0\" \/><\/div>\n<\/div>\n<\/div>\n<\/div>\n<\/div>\n<\/div>\n<div class=\"J_module\"><\/div>\n<\/div>","protected":false},"excerpt":{"rendered":"","protected":false},"featured_media":20826,"comment_status":"open","ping_status":"closed","template":"","meta":[],"product_brand":[],"product_cat":[56],"product_tag":[],"giftcard-category":[],"class_list":{"0":"post-20825","1":"product","2":"type-product","3":"status-publish","4":"has-post-thumbnail","6":"product_cat-rings","8":"first","9":"instock","10":"taxable","11":"shipping-taxable","12":"purchasable","13":"product-type-variable"},"_links":{"self":[{"href":"https:\/\/www.huoouh.com\/br\/wp-json\/wp\/v2\/product\/20825","targetHints":{"allow":["GET"]}}],"collection":[{"href":"https:\/\/www.huoouh.com\/br\/wp-json\/wp\/v2\/product"}],"about":[{"href":"https:\/\/www.huoouh.com\/br\/wp-json\/wp\/v2\/types\/product"}],"replies":[{"embeddable":true,"href":"https:\/\/www.huoouh.com\/br\/wp-json\/wp\/v2\/comments?post=20825"}],"version-history":[{"count":1,"href":"https:\/\/www.huoouh.com\/br\/wp-json\/wp\/v2\/product\/20825\/revisions"}],"predecessor-version":[{"id":20840,"href":"https:\/\/www.huoouh.com\/br\/wp-json\/wp\/v2\/product\/20825\/revisions\/20840"}],"wp:featuredmedia":[{"embeddable":true,"href":"https:\/\/www.huoouh.com\/br\/wp-json\/wp\/v2\/media\/20826"}],"wp:attachment":[{"href":"https:\/\/www.huoouh.com\/br\/wp-json\/wp\/v2\/media?parent=20825"}],"wp:term":[{"taxonomy":"product_brand","embeddable":true,"href":"https:\/\/www.huoouh.com\/br\/wp-json\/wp\/v2\/product_brand?post=20825"},{"taxonomy":"product_cat","embeddable":true,"href":"https:\/\/www.huoouh.com\/br\/wp-json\/wp\/v2\/product_cat?post=20825"},{"taxonomy":"product_tag","embeddable":true,"href":"https:\/\/www.huoouh.com\/br\/wp-json\/wp\/v2\/product_tag?post=20825"},{"taxonomy":"giftcard-category","embeddable":true,"href":"https:\/\/www.huoouh.com\/br\/wp-json\/wp\/v2\/giftcard-category?post=20825"}],"curies":[{"name":"wp","href":"https:\/\/api.w.org\/{rel}","templated":true}]}}