{"id":20420,"date":"2023-10-02T20:49:08","date_gmt":"2023-10-03T00:49:08","guid":{"rendered":"https:\/\/www.huoouh.com\/product\/925-sterling-silver-heart-shaped-skull-ring-with-blue-zirconia-authentic\/"},"modified":"2026-03-13T04:42:04","modified_gmt":"2026-03-13T09:42:04","slug":"925-sterling-silver-heart-shaped-skull-ring-with-blue-zirconia-authentic","status":"publish","type":"product","link":"https:\/\/www.huoouh.com\/br\/produto\/925-sterling-silver-heart-shaped-skull-ring-with-blue-zirconia-authentic\/","title":{"rendered":"Anel de caveira em prata esterlina 925 em forma de cora\u00e7\u00e3o com zirc\u00f4nia azul aut\u00eantica"},"content":{"rendered":"<div id=\"detail_decorate_root\" data-host=\"3370184110\" data-magic-global=\"%7B%22bizId%22%3A2206558617288%2C%22pageId%22%3A21182919823%2C%22siteId%22%3A5005635187%7D\" data-id=\"detail_decorate_root\">\n<div class=\"J_module\"><img decoding=\"async\" class=\"magic-25\" src=\"\/\/sc04.alicdn.com\/kf\/He56902cda8104528aa0a7d4a9f10eb19Q\/239327166\/He56902cda8104528aa0a7d4a9f10eb19Q.jpg\" \/><\/div>\n<div class=\"J_module\">\n<div class=\"icbu-pc-detailManyImage magic-23\" data-module-name=\"icbu-pc-detailManyImage\">\n<div class=\"magic-24\"><img decoding=\"async\" class=\"magic-25\" src=\"\/\/sc04.alicdn.com\/kf\/Hb7be43f929e24f33a20f7f82bd66eader\/239327166\/Hb7be43f929e24f33a20f7f82bd66eader.jpg\" \/><\/div>\n<div class=\"magic-24\"><img decoding=\"async\" class=\"magic-25\" src=\"\/\/sc04.alicdn.com\/kf\/H6c1eb8a3ea154a25a0d74d683aef1789O\/239327166\/H6c1eb8a3ea154a25a0d74d683aef1789O.jpg\" \/><\/div>\n<div class=\"magic-24\"><\/div>\n<\/div>\n<\/div>\n<div class=\"J_module\">\n<div class=\"icbu-pc-images magic-1\">\n<div>\n<div class=\"flex-layout-v\">\n<div class=\"flex-layout-h magic-1\">\n<div class=\"magic-26\"><img decoding=\"async\" class=\"magic-27\" src=\"\/\/sc04.alicdn.com\/kf\/H81fb61e69e2f44e5bdce01497220c0f2F\/239327166\/H81fb61e69e2f44e5bdce01497220c0f2F.jpg\" data-id=\"child-image-0\" \/><\/div>\n<\/div>\n<\/div>\n<\/div>\n<\/div>\n<\/div>\n<div class=\"J_module\"><\/div>\n<\/div>","protected":false},"excerpt":{"rendered":"","protected":false},"featured_media":20419,"comment_status":"open","ping_status":"closed","template":"","meta":[],"product_brand":[],"product_cat":[56],"product_tag":[113],"giftcard-category":[],"class_list":{"0":"post-20420","1":"product","2":"type-product","3":"status-publish","4":"has-post-thumbnail","6":"product_cat-rings","7":"product_tag-rings","9":"first","10":"instock","11":"taxable","12":"shipping-taxable","13":"purchasable","14":"product-type-variable"},"_links":{"self":[{"href":"https:\/\/www.huoouh.com\/br\/wp-json\/wp\/v2\/product\/20420","targetHints":{"allow":["GET"]}}],"collection":[{"href":"https:\/\/www.huoouh.com\/br\/wp-json\/wp\/v2\/product"}],"about":[{"href":"https:\/\/www.huoouh.com\/br\/wp-json\/wp\/v2\/types\/product"}],"replies":[{"embeddable":true,"href":"https:\/\/www.huoouh.com\/br\/wp-json\/wp\/v2\/comments?post=20420"}],"version-history":[{"count":1,"href":"https:\/\/www.huoouh.com\/br\/wp-json\/wp\/v2\/product\/20420\/revisions"}],"predecessor-version":[{"id":20551,"href":"https:\/\/www.huoouh.com\/br\/wp-json\/wp\/v2\/product\/20420\/revisions\/20551"}],"wp:featuredmedia":[{"embeddable":true,"href":"https:\/\/www.huoouh.com\/br\/wp-json\/wp\/v2\/media\/20419"}],"wp:attachment":[{"href":"https:\/\/www.huoouh.com\/br\/wp-json\/wp\/v2\/media?parent=20420"}],"wp:term":[{"taxonomy":"product_brand","embeddable":true,"href":"https:\/\/www.huoouh.com\/br\/wp-json\/wp\/v2\/product_brand?post=20420"},{"taxonomy":"product_cat","embeddable":true,"href":"https:\/\/www.huoouh.com\/br\/wp-json\/wp\/v2\/product_cat?post=20420"},{"taxonomy":"product_tag","embeddable":true,"href":"https:\/\/www.huoouh.com\/br\/wp-json\/wp\/v2\/product_tag?post=20420"},{"taxonomy":"giftcard-category","embeddable":true,"href":"https:\/\/www.huoouh.com\/br\/wp-json\/wp\/v2\/giftcard-category?post=20420"}],"curies":[{"name":"wp","href":"https:\/\/api.w.org\/{rel}","templated":true}]}}