{"id":875,"date":"2023-02-17T11:17:53","date_gmt":"2023-02-17T11:17:53","guid":{"rendered":"https:\/\/www.huoouh.com\/faq-2-2\/"},"modified":"2023-08-25T03:01:52","modified_gmt":"2023-08-25T03:01:52","slug":"care-warranties","status":"publish","type":"page","link":"https:\/\/www.huoouh.com\/br\/care-warranties\/","title":{"rendered":"Cuidados e Garantias"},"content":{"rendered":"<div data-elementor-type=\"wp-page\" data-elementor-id=\"875\" class=\"elementor elementor-875\" data-elementor-post-type=\"page\">\n\t\t\t\t\t\t<section class=\"elementor-section elementor-top-section elementor-element elementor-element-5e8d048 elementor-section-boxed elementor-section-height-default elementor-section-height-default\" data-id=\"5e8d048\" data-element_type=\"section\" data-e-type=\"section\">\n\t\t\t\t\t\t<div class=\"elementor-container elementor-column-gap-default\">\n\t\t\t\t\t<div class=\"elementor-column elementor-col-33 elementor-top-column elementor-element elementor-element-f090efe\" data-id=\"f090efe\" data-element_type=\"column\" data-e-type=\"column\">\n\t\t\t<div class=\"elementor-widget-wrap elementor-element-populated\">\n\t\t\t\t\t\t<div class=\"elementor-element elementor-element-8bc9613 elementor-widget elementor-widget-pls-heading\" data-id=\"8bc9613\" data-element_type=\"widget\" data-e-type=\"widget\" data-widget_type=\"pls-heading.default\">\n\t\t\t\t<div class=\"elementor-widget-container\">\n\t\t\t\t\t<div id=\"pls-header-81849\" class=\"pls-element pls-heading pls-text-left separator-line\">\t\n\t\t\t\n\t\t\t<div class=\"heading-wrap\">\n\t\t\t<span class=\"separator-left\"><\/span>\n\t\t\t<h2 class=\"heading-title\">Garantias<\/h2>\t\t\t<span class=\"separator-right\"><\/span>\n\t\t\t\t\t<\/div>\n\t\t\n    <\/div>\t\t\t\t<\/div>\n\t\t\t\t<\/div>\n\t\t\t\t\t<\/div>\n\t\t<\/div>\n\t\t\t\t<div class=\"elementor-column elementor-col-66 elementor-top-column elementor-element elementor-element-1256489\" data-id=\"1256489\" data-element_type=\"column\" data-e-type=\"column\">\n\t\t\t<div class=\"elementor-widget-wrap elementor-element-populated\">\n\t\t\t\t\t\t<div class=\"elementor-element elementor-element-9301962 elementor-widget elementor-widget-pls-accordion\" data-id=\"9301962\" data-element_type=\"widget\" data-e-type=\"widget\" data-widget_type=\"pls-accordion.default\">\n\t\t\t\t<div class=\"elementor-widget-container\">\n\t\t\t\t\t\n<div id=\"pls-accordion-40830\" class=\"pls-element pls-accordion panel-group align-left icon-position-right\">\t\n\t\t\t\n\t\t<div class=\"card pls-accordion-item\">\n\t\t\t<div class=\"card-header accordion-title\">\n\t\t\t\t<h4 class=\"card-title\">\n\t\t\t\t\t<a class=\"card-link open\" href=\"#elementor-tab-title-1541\" data-style=\"default\">\n\t\t\t\t\tProcedimentos de Garantia.\t\t\t\t\t<\/a>\n\t\t\t\t<\/h4>\n\t\t\t<\/div>\n\t\t\t<div id=\"elementor-tab-title-1541\" class=\"collapse accordion-tab-content show\">\n\t\t\t\t<div class=\"card-body\">\n\t\t\t\t\t<p>Pe\u00e7as esmaltadas ou com aplica\u00e7\u00f5es de pedra: S\u00f3 h\u00e1 garantia contra poss\u00edveis defeitos de fabrica\u00e7\u00e3o. A HuoouH Store n\u00e3o se responsabiliza por produtos que apresentem riscos no esmalte, perda de pedras ou qualquer outro problema que tenha sido causado por uso indevido por parte do cliente.<\/p><p>Nos per\u00edodos de garantia acima, a partir do recebimento do produto, em caso de oxida\u00e7\u00e3o anormal da pe\u00e7a, escurecimento, desbotamento, aparecimento de manchas e outros defeitos de fabrica\u00e7\u00e3o, a pe\u00e7a poder\u00e1 ser enviada \u00e0 HuoouH Store para an\u00e1lise para verifica\u00e7\u00e3o de eventuais defeitos de fabrica\u00e7\u00e3o, com prazo de resposta de at\u00e9 30 (trinta) dias, sendo que em caso de proced\u00eancia ser\u00e1 enviado outro produto id\u00eantico ou a crit\u00e9rio do cliente, a devolu\u00e7\u00e3o do valor pago ou o envio de cupom de desconto com o valor correspondente .<\/p><p>Para trocas e devolu\u00e7\u00f5es os produtos dever\u00e3o ser enviados em sua embalagem original e caso seja constatado uso indevido dos produtos o frete ser\u00e1 por conta do comprador. Consulte as condi\u00e7\u00f5es de Trocas e Devolu\u00e7\u00f5es.<\/p><p>A garantia da HuoouH Store n\u00e3o se aplica ao uso indevido de produtos.<\/p><p>Eventuais presentes s\u00e3o cortesia da loja e n\u00e3o est\u00e3o sujeitos a troca, nem est\u00e3o sujeitos \u00e0 garantia legal.<\/p>\t\t\t\t<\/div>\n\t\t\t<\/div>\n\t\t<\/div>\n\t\t\t\n\t\t<div class=\"card pls-accordion-item\">\n\t\t\t<div class=\"card-header accordion-title\">\n\t\t\t\t<h4 class=\"card-title\">\n\t\t\t\t\t<a class=\"card-link\" href=\"#elementor-tab-title-1543\" data-style=\"default\">\n\t\t\t\t\tCuidados Gerais\t\t\t\t\t<\/a>\n\t\t\t\t<\/h4>\n\t\t\t<\/div>\n\t\t\t<div id=\"elementor-tab-title-1543\" class=\"collapse accordion-tab-content\">\n\t\t\t\t<div class=\"card-body\">\n\t\t\t\t\t<p>Recomendamos evitar:<\/p><p>\u2013 contato de joias folheadas com cremes, detergentes, protetores solares, sabonetes ou similares, pois seus res\u00edduos podem tornar as joias opacas e as pedras opacas ou leitosas;<\/p><p>\u2013 tomar banho de mar, entrar em piscinas e\/ou rios com as pe\u00e7as;<\/p><p>\u2013 contato com produtos qu\u00edmicos, em qualquer procedimento est\u00e9tico;<\/p><p>\u2013 lavar lou\u00e7a ou realizar trabalhos manuais que possam causar atrito com as joias;<\/p><p>Produtos qu\u00edmicos ou polidores de prata podem danificar os pingentes, portanto, limpe-os apenas com \u00e1gua, sab\u00e3o neutro e escova de dentes macia.<\/p><p>N\u00e3o utilize esse m\u00e9todo com pingentes que contenham p\u00e9rolas, aplica\u00e7\u00f5es de pedras em geral e pulseiras de prata. Limpe-as apenas com um pano macio, caso contr\u00e1rio estas pe\u00e7as sofrer\u00e3o danos irrepar\u00e1veis.<\/p>\t\t\t\t<\/div>\n\t\t\t<\/div>\n\t\t<\/div>\n\t<\/div>\t\t\t\t<\/div>\n\t\t\t\t<\/div>\n\t\t\t\t\t<\/div>\n\t\t<\/div>\n\t\t\t\t\t<\/div>\n\t\t<\/section>\n\t\t\t\t<\/div>","protected":false},"excerpt":{"rendered":"<p>Guarantees Warranty Procedures. Enamelled parts or with stone appliqu\u00e9s: There is only warranty against possible manufacturing defects. HuoouH Store is not responsible for products that have scratches on the enamel,<\/p>","protected":false},"author":1,"featured_media":0,"parent":0,"menu_order":0,"comment_status":"closed","ping_status":"closed","template":"","meta":{"footnotes":""},"class_list":["post-875","page","type-page","status-publish","hentry"],"_links":{"self":[{"href":"https:\/\/www.huoouh.com\/br\/wp-json\/wp\/v2\/pages\/875","targetHints":{"allow":["GET"]}}],"collection":[{"href":"https:\/\/www.huoouh.com\/br\/wp-json\/wp\/v2\/pages"}],"about":[{"href":"https:\/\/www.huoouh.com\/br\/wp-json\/wp\/v2\/types\/page"}],"author":[{"embeddable":true,"href":"https:\/\/www.huoouh.com\/br\/wp-json\/wp\/v2\/users\/1"}],"replies":[{"embeddable":true,"href":"https:\/\/www.huoouh.com\/br\/wp-json\/wp\/v2\/comments?post=875"}],"version-history":[{"count":0,"href":"https:\/\/www.huoouh.com\/br\/wp-json\/wp\/v2\/pages\/875\/revisions"}],"wp:attachment":[{"href":"https:\/\/www.huoouh.com\/br\/wp-json\/wp\/v2\/media?parent=875"}],"curies":[{"name":"wp","href":"https:\/\/api.w.org\/{rel}","templated":true}]}}