{"id":864,"date":"2023-02-17T11:17:53","date_gmt":"2023-02-17T16:17:53","guid":{"rendered":"https:\/\/www.huoouh.com\/privacy-policy-2\/"},"modified":"2023-09-01T06:21:17","modified_gmt":"2023-09-01T11:21:17","slug":"privacy-policy","status":"publish","type":"page","link":"https:\/\/www.huoouh.com\/br\/privacy-policy\/","title":{"rendered":"Pol\u00edtica de Privacidade"},"content":{"rendered":"<div data-elementor-type=\"wp-page\" data-elementor-id=\"864\" class=\"elementor elementor-864\" data-elementor-post-type=\"page\">\n\t\t\t\t\t\t<section class=\"elementor-section elementor-top-section elementor-element elementor-element-5e8d048 elementor-section-boxed elementor-section-height-default elementor-section-height-default\" data-id=\"5e8d048\" data-element_type=\"section\" data-e-type=\"section\">\n\t\t\t\t\t\t<div class=\"elementor-container elementor-column-gap-default\">\n\t\t\t\t\t<div class=\"elementor-column elementor-col-33 elementor-top-column elementor-element elementor-element-f090efe\" data-id=\"f090efe\" data-element_type=\"column\" data-e-type=\"column\">\n\t\t\t<div class=\"elementor-widget-wrap elementor-element-populated\">\n\t\t\t\t\t\t<div class=\"elementor-element elementor-element-8bc9613 elementor-widget elementor-widget-pls-heading\" data-id=\"8bc9613\" data-element_type=\"widget\" data-e-type=\"widget\" data-widget_type=\"pls-heading.default\">\n\t\t\t\t<div class=\"elementor-widget-container\">\n\t\t\t\t\t<div id=\"pls-header-55488\" class=\"pls-element pls-heading pls-text-left separator-line\">\t\n\t\t\t\n\t\t\t<div class=\"heading-wrap\">\n\t\t\t<span class=\"separator-left\"><\/span>\n\t\t\t<h2 class=\"heading-title\">Privacidade<\/h2>\t\t\t<span class=\"separator-right\"><\/span>\n\t\t\t\t\t<\/div>\n\t\t\n    <\/div>\t\t\t\t<\/div>\n\t\t\t\t<\/div>\n\t\t\t\t\t<\/div>\n\t\t<\/div>\n\t\t\t\t<div class=\"elementor-column elementor-col-66 elementor-top-column elementor-element elementor-element-1256489\" data-id=\"1256489\" data-element_type=\"column\" data-e-type=\"column\">\n\t\t\t<div class=\"elementor-widget-wrap elementor-element-populated\">\n\t\t\t\t\t\t<div class=\"elementor-element elementor-element-9301962 elementor-widget elementor-widget-pls-accordion\" data-id=\"9301962\" data-element_type=\"widget\" data-e-type=\"widget\" data-widget_type=\"pls-accordion.default\">\n\t\t\t\t<div class=\"elementor-widget-container\">\n\t\t\t\t\t\n<div id=\"pls-accordion-46464\" class=\"pls-element pls-accordion panel-group align-left icon-position-right\">\t\n\t\t\t\n\t\t<div class=\"card pls-accordion-item\">\n\t\t\t<div class=\"card-header accordion-title\">\n\t\t\t\t<h4 class=\"card-title\">\n\t\t\t\t\t<a class=\"card-link open\" href=\"#elementor-tab-title-1541\" data-style=\"default\">\n\t\t\t\t\tQue seguran\u00e7a est\u00e1 dispon\u00edvel?\t\t\t\t\t<\/a>\n\t\t\t\t<\/h4>\n\t\t\t<\/div>\n\t\t\t<div id=\"elementor-tab-title-1541\" class=\"collapse accordion-tab-content show\">\n\t\t\t\t<div class=\"card-body\">\n\t\t\t\t\t<p>A HuoouH Store est\u00e1 comprometida com a privacidade e seguran\u00e7a dos seus clientes durante todo o processo de navega\u00e7\u00e3o e compra no site.<\/p><p>Seus dados pessoais s\u00e3o parte fundamental para que seu pedido chegue com seguran\u00e7a, de acordo com o prazo de entrega.<br \/><br \/>Os dados cadastrais dos clientes nunca ser\u00e3o vendidos, trocados ou divulgados a terceiros, sendo apenas repassadas informa\u00e7\u00f5es essenciais para processos de entrega, faturamento ou participa\u00e7\u00e3o em promo\u00e7\u00f5es solicitadas pelos clientes.<br \/><br \/>A qualidade das informa\u00e7\u00f5es pessoais \u00e9 parte fundamental para que seu pedido chegue com seguran\u00e7a ao local cadastrado.<\/p>\t\t\t\t<\/div>\n\t\t\t<\/div>\n\t\t<\/div>\n\t\t\t\n\t\t<div class=\"card pls-accordion-item\">\n\t\t\t<div class=\"card-header accordion-title\">\n\t\t\t\t<h4 class=\"card-title\">\n\t\t\t\t\t<a class=\"card-link\" href=\"#elementor-tab-title-1543\" data-style=\"default\">\n\t\t\t\t\tA criptografia, as precau\u00e7\u00f5es e a seguran\u00e7a s\u00e3o aplicadas?\t\t\t\t\t<\/a>\n\t\t\t\t<\/h4>\n\t\t\t<\/div>\n\t\t\t<div id=\"elementor-tab-title-1543\" class=\"collapse accordion-tab-content\">\n\t\t\t\t<div class=\"card-body\">\n\t\t\t\t\t<p>Toda transa\u00e7\u00e3o que envolva pagamento ser\u00e1 criptografada com a tecnologia SSL (Secure Socket Layer), fornecida pela STRIPE, que proporciona m\u00e1xima seguran\u00e7a durante a transfer\u00eancia de dados, garantindo a confidencialidade.<\/p><p>A HuoouH Store n\u00e3o armazena dados de cart\u00e3o de cr\u00e9dito, c\u00f3digos de seguran\u00e7a e datas de validade.<\/p><p>Suas informa\u00e7\u00f5es s\u00e3o enviadas criptografadas para a administradora do cart\u00e3o, tomando todas as medidas necess\u00e1rias para que esses dados sejam protegidos contra intercepta\u00e7\u00e3o, uso indevido ou adultera\u00e7\u00e3o.<\/p>\t\t\t\t<\/div>\n\t\t\t<\/div>\n\t\t<\/div>\n\t\t\t\n\t\t<div class=\"card pls-accordion-item\">\n\t\t\t<div class=\"card-header accordion-title\">\n\t\t\t\t<h4 class=\"card-title\">\n\t\t\t\t\t<a class=\"card-link\" href=\"#elementor-tab-title-1545\" data-style=\"default\">\n\t\t\t\t\tDescubra porque usamos Cookies!\t\t\t\t\t<\/a>\n\t\t\t\t<\/h4>\n\t\t\t<\/div>\n\t\t\t<div id=\"elementor-tab-title-1545\" class=\"collapse accordion-tab-content\">\n\t\t\t\t<div class=\"card-body\">\n\t\t\t\t\t<p>A HuoouH Store utiliza cookies e informa\u00e7\u00f5es de navega\u00e7\u00e3o online com o objetivo de tra\u00e7ar o perfil do p\u00fablico que visita o site e melhorar os servi\u00e7os prestados, produtos e conte\u00fados, garantindo melhores experi\u00eancias, ofertas e promo\u00e7\u00f5es individuais.<br \/>Esses dados s\u00e3o registrados digitalmente, sem manipula\u00e7\u00e3o humana.<\/p><p>Aconselhamos expressamente a n\u00e3o divulga\u00e7\u00e3o da sua senha a terceiros, inclusive amigos e parentes.<\/p><p>A marca reserva-se o direito de alterar todos e quaisquer termos do site, bem como suas pol\u00edticas de pagamento, parcelamento, troca e demais, sem pr\u00e9vio aviso.<\/p><p>Altera\u00e7\u00f5es em nossa pol\u00edtica de privacidade ser\u00e3o devidamente informadas neste espa\u00e7o.<\/p>\t\t\t\t<\/div>\n\t\t\t<\/div>\n\t\t<\/div>\n\t<\/div>\t\t\t\t<\/div>\n\t\t\t\t<\/div>\n\t\t\t\t\t<\/div>\n\t\t<\/div>\n\t\t\t\t\t<\/div>\n\t\t<\/section>\n\t\t\t\t<\/div>","protected":false},"excerpt":{"rendered":"<p>Privacy What security is available? The HuoouH Store is committed to the privacy and security of its customers throughout the navigation and purchase process on the site. Your personal data<\/p>","protected":false},"author":1,"featured_media":0,"parent":0,"menu_order":0,"comment_status":"closed","ping_status":"closed","template":"","meta":{"footnotes":""},"class_list":["post-864","page","type-page","status-publish","hentry"],"_links":{"self":[{"href":"https:\/\/www.huoouh.com\/br\/wp-json\/wp\/v2\/pages\/864","targetHints":{"allow":["GET"]}}],"collection":[{"href":"https:\/\/www.huoouh.com\/br\/wp-json\/wp\/v2\/pages"}],"about":[{"href":"https:\/\/www.huoouh.com\/br\/wp-json\/wp\/v2\/types\/page"}],"author":[{"embeddable":true,"href":"https:\/\/www.huoouh.com\/br\/wp-json\/wp\/v2\/users\/1"}],"replies":[{"embeddable":true,"href":"https:\/\/www.huoouh.com\/br\/wp-json\/wp\/v2\/comments?post=864"}],"version-history":[{"count":0,"href":"https:\/\/www.huoouh.com\/br\/wp-json\/wp\/v2\/pages\/864\/revisions"}],"wp:attachment":[{"href":"https:\/\/www.huoouh.com\/br\/wp-json\/wp\/v2\/media?parent=864"}],"curies":[{"name":"wp","href":"https:\/\/api.w.org\/{rel}","templated":true}]}}