{"id":122,"date":"2023-02-17T11:17:53","date_gmt":"2023-02-17T11:17:53","guid":{"rendered":"https:\/\/alukas.presslayouts.com\/dummy\/?page_id=122"},"modified":"2023-08-25T05:36:34","modified_gmt":"2023-08-25T05:36:34","slug":"shipping-delivery","status":"publish","type":"page","link":"https:\/\/www.huoouh.com\/br\/shipping-delivery\/","title":{"rendered":"Envio e entrega"},"content":{"rendered":"<div data-elementor-type=\"wp-page\" data-elementor-id=\"122\" class=\"elementor elementor-122\" data-elementor-post-type=\"page\">\n\t\t\t\t\t\t<section class=\"elementor-section elementor-top-section elementor-element elementor-element-5e8d048 elementor-section-boxed elementor-section-height-default elementor-section-height-default\" data-id=\"5e8d048\" data-element_type=\"section\" data-e-type=\"section\">\n\t\t\t\t\t\t<div class=\"elementor-container elementor-column-gap-default\">\n\t\t\t\t\t<div class=\"elementor-column elementor-col-33 elementor-top-column elementor-element elementor-element-f090efe\" data-id=\"f090efe\" data-element_type=\"column\" data-e-type=\"column\">\n\t\t\t<div class=\"elementor-widget-wrap elementor-element-populated\">\n\t\t\t\t\t\t<div class=\"elementor-element elementor-element-8bc9613 elementor-widget elementor-widget-pls-heading\" data-id=\"8bc9613\" data-element_type=\"widget\" data-e-type=\"widget\" data-widget_type=\"pls-heading.default\">\n\t\t\t\t<div class=\"elementor-widget-container\">\n\t\t\t\t\t<div id=\"pls-header-6187\" class=\"pls-element pls-heading pls-text-left separator-line\">\t\n\t\t\t\n\t\t\t<div class=\"heading-wrap\">\n\t\t\t<span class=\"separator-left\"><\/span>\n\t\t\t<h2 class=\"heading-title\">Tempos estimados<\/h2>\t\t\t<span class=\"separator-right\"><\/span>\n\t\t\t\t\t<\/div>\n\t\t\n    <\/div>\t\t\t\t<\/div>\n\t\t\t\t<\/div>\n\t\t\t\t\t<\/div>\n\t\t<\/div>\n\t\t\t\t<div class=\"elementor-column elementor-col-66 elementor-top-column elementor-element elementor-element-1256489\" data-id=\"1256489\" data-element_type=\"column\" data-e-type=\"column\">\n\t\t\t<div class=\"elementor-widget-wrap elementor-element-populated\">\n\t\t\t\t\t\t<div class=\"elementor-element elementor-element-9301962 elementor-widget elementor-widget-pls-accordion\" data-id=\"9301962\" data-element_type=\"widget\" data-e-type=\"widget\" data-widget_type=\"pls-accordion.default\">\n\t\t\t\t<div class=\"elementor-widget-container\">\n\t\t\t\t\t\n<div id=\"pls-accordion-12620\" class=\"pls-element pls-accordion panel-group align-left icon-position-right\">\t\n\t\t\t\n\t\t<div class=\"card pls-accordion-item\">\n\t\t\t<div class=\"card-header accordion-title\">\n\t\t\t\t<h4 class=\"card-title\">\n\t\t\t\t\t<a class=\"card-link open\" href=\"#elementor-tab-title-1541\" data-style=\"default\">\n\t\t\t\t\tEnvio e entrega nos EUA\t\t\t\t\t<\/a>\n\t\t\t\t<\/h4>\n\t\t\t<\/div>\n\t\t\t<div id=\"elementor-tab-title-1541\" class=\"collapse accordion-tab-content show\">\n\t\t\t\t<div class=\"card-body\">\n\t\t\t\t\t<p>Oferecemos remessa padr\u00e3o e remessa r\u00e1pida dentro dos EUA. O prazo de entrega depender\u00e1 do m\u00e9todo de envio que voc\u00ea escolher.<\/p><p>Tempo de processamento da remessa<br \/>Processamos todos os pedidos dentro de 1 a 3 dias \u00fateis. Os pedidos n\u00e3o s\u00e3o enviados ou entregues nos finais de semana ou feriados.<\/p><p>No caso raro de haver um atraso significativo no envio do seu pedido, entraremos em contato com voc\u00ea por e-mail ou telefone.<\/p>\t\t\t\t<\/div>\n\t\t\t<\/div>\n\t\t<\/div>\n\t\t\t\n\t\t<div class=\"card pls-accordion-item\">\n\t\t\t<div class=\"card-header accordion-title\">\n\t\t\t\t<h4 class=\"card-title\">\n\t\t\t\t\t<a class=\"card-link\" href=\"#elementor-tab-title-1543\" data-style=\"default\">\n\t\t\t\t\tTaxas de envio e estimativas de entrega\t\t\t\t\t<\/a>\n\t\t\t\t<\/h4>\n\t\t\t<\/div>\n\t\t\t<div id=\"elementor-tab-title-1543\" class=\"collapse accordion-tab-content\">\n\t\t\t\t<div class=\"card-body\">\n\t\t\t\t\t<p>Os custos de envio da sua encomenda ser\u00e3o calculados e sacados no momento da finaliza\u00e7\u00e3o da compra, mas esta tabela serve como estimativa. Para todos os pedidos, adicione 1-3 dias de tempo de processamento al\u00e9m do tempo de envio.<\/p><p>Taxas de tempo de entrega do servi\u00e7o de envio<br \/>Terreno padr\u00e3o de 3 a 5 dias \u00fateis GRATUITO acima de $99<br \/>Expresso de 2 dias 2 dias \u00fateis $19,99<br \/>1 dia expresso 1 dia \u00fatil $39,99<\/p><p><strong>*<\/strong>Atrasos na entrega fora do nosso controle podem ocorrer ocasionalmente.<\/p>\t\t\t\t<\/div>\n\t\t\t<\/div>\n\t\t<\/div>\n\t\t\t\n\t\t<div class=\"card pls-accordion-item\">\n\t\t\t<div class=\"card-header accordion-title\">\n\t\t\t\t<h4 class=\"card-title\">\n\t\t\t\t\t<a class=\"card-link\" href=\"#elementor-tab-title-1545\" data-style=\"default\">\n\t\t\t\t\tEnvio internacional\t\t\t\t\t<\/a>\n\t\t\t\t<\/h4>\n\t\t\t<\/div>\n\t\t\t<div id=\"elementor-tab-title-1545\" class=\"collapse accordion-tab-content\">\n\t\t\t\t<div class=\"card-body\">\n\t\t\t\t\t<p>Enviamos para todo o mundo. Pedidos internacionais s\u00e3o enviados via USPS First Class Mail International. <br \/><br \/>A correspond\u00eancia internacional normalmente \u00e9 entregue dentro de 10 a 14 dias \u00fateis.<\/p>\t\t\t\t<\/div>\n\t\t\t<\/div>\n\t\t<\/div>\n\t\t\t\n\t\t<div class=\"card pls-accordion-item\">\n\t\t\t<div class=\"card-header accordion-title\">\n\t\t\t\t<h4 class=\"card-title\">\n\t\t\t\t\t<a class=\"card-link\" href=\"#elementor-tab-title-1547\" data-style=\"default\">\n\t\t\t\t\tImpostos Aduaneiros e de Importa\u00e7\u00e3o\t\t\t\t\t<\/a>\n\t\t\t\t<\/h4>\n\t\t\t<\/div>\n\t\t\t<div id=\"elementor-tab-title-1547\" class=\"collapse accordion-tab-content\">\n\t\t\t\t<div class=\"card-body\">\n\t\t\t\t\t<p>Os compradores s\u00e3o respons\u00e1veis por quaisquer impostos alfandeg\u00e1rios e de importa\u00e7\u00e3o que possam ser aplicados.<\/p>\t\t\t\t<\/div>\n\t\t\t<\/div>\n\t\t<\/div>\n\t<\/div>\t\t\t\t<\/div>\n\t\t\t\t<\/div>\n\t\t\t\t\t<\/div>\n\t\t<\/div>\n\t\t\t\t\t<\/div>\n\t\t<\/section>\n\t\t\t\t<\/div>","protected":false},"excerpt":{"rendered":"<p>Estimated Times Shipping &amp; Delivery in USA We offer standard shipping and expedited shipping within the US. Delivery time will depend on the shipping method you choose. Shipment Processing TimeWe<\/p>","protected":false},"author":1,"featured_media":0,"parent":0,"menu_order":0,"comment_status":"closed","ping_status":"closed","template":"","meta":{"footnotes":""},"class_list":["post-122","page","type-page","status-publish","hentry"],"_links":{"self":[{"href":"https:\/\/www.huoouh.com\/br\/wp-json\/wp\/v2\/pages\/122","targetHints":{"allow":["GET"]}}],"collection":[{"href":"https:\/\/www.huoouh.com\/br\/wp-json\/wp\/v2\/pages"}],"about":[{"href":"https:\/\/www.huoouh.com\/br\/wp-json\/wp\/v2\/types\/page"}],"author":[{"embeddable":true,"href":"https:\/\/www.huoouh.com\/br\/wp-json\/wp\/v2\/users\/1"}],"replies":[{"embeddable":true,"href":"https:\/\/www.huoouh.com\/br\/wp-json\/wp\/v2\/comments?post=122"}],"version-history":[{"count":0,"href":"https:\/\/www.huoouh.com\/br\/wp-json\/wp\/v2\/pages\/122\/revisions"}],"wp:attachment":[{"href":"https:\/\/www.huoouh.com\/br\/wp-json\/wp\/v2\/media?parent=122"}],"curies":[{"name":"wp","href":"https:\/\/api.w.org\/{rel}","templated":true}]}}